{"id":295,"date":"2021-12-20T21:34:33","date_gmt":"2021-12-20T21:34:33","guid":{"rendered":"https:\/\/sanosil-canada.ca\/a-propos\/"},"modified":"2022-01-03T16:24:31","modified_gmt":"2022-01-03T16:24:31","slug":"about-us","status":"publish","type":"page","link":"https:\/\/sanosil-canada.ca\/en\/about-us\/","title":{"rendered":"About Us"},"content":{"rendered":"\n\n\t<p>WHO ARE WE ?<\/p>\n\t<p>Sanosil Canada, a story of family and passionate people.<\/p>\n\t<p>OUR HISTORY<\/p>\n\t<p>Here is the story of Richard Bourbonnais, President of Sanosil Canada<\/p>\n\t<p>For Richard, it all started in 1984 when he worked alongside his mother, Jeannine. At that time, their main business activity was the manufacture of solvents and paint strippers, which had been started in the 1969s.<\/p>\n<p>From 1985, Richard decided to broaden his horizons and began manufacturing new products related to industrial cleaning.<\/p>\n<p>1995 saw the dry ice cleaning and blasting veteran we know today. After an investment exceeding half a million dollars, Richard Bourbonnais is the first to promote this type of proceeding.<\/p>\n<p>To this day, accompanied by the members of his team who have been loyal to him through all these years, Richard alone has over 37 years of experience and has several thousand brilliantly executed projects to his credit.<\/p>\n\t\t\t\t<img decoding=\"async\" src=\"https:\/\/sanosil-canada.ca\/wp-content\/uploads\/2021\/12\/Article-Journal-Les-Affaires-Archives-WEB-modif.jpeg\" alt=\"Article-Journal-Les-Affaires-Archives-WEB-modif\" itemprop=\"image\" title=\"Article-Journal-Les-Affaires-Archives-WEB-modif\" onerror=\"this.style.display='none'\"  \/>\n\t<p>* <em>Les Affaires<\/em> newspaper archive, September 9, 1995<\/p>\n\t<p>ACCREDITED<\/p>\n\t<p>We are proud to be a member in good standing of the <em>R\u00e9gie du b\u00e2timent du Qu\u00e9bec.<\/em><\/p>\n<p>&nbsp;<\/p>\n<p>RBQ : 5764-7125-01<\/p>\n\t<p>RESPONSIBLE<\/p>\n\t<p>We are protected and protect our customers against any eventuality.<\/p>\n<p>&nbsp;<\/p>\n<p>Civil liability: 5 million<\/p>\n\t<p>CERTIFIED<\/p>\n\t<p>We provide continuous training to all our employees and on all of our services.<\/p>\n<p>&nbsp;<\/p>\n<p>+30 years of continuing education<\/p>\n\t<p>Sanosil, a straight and in good standing company.<\/p>\n\t<p>Through our various accreditations and by providing continuous training to our employees, we guarantee a service that meets our customers&#8217; expectations and we remain on the lookout for the latest trends.<\/p>\n\t\t\t<a href=\"https:\/\/sanosil-canada.ca\/en\/information-request\/\" target=\"_self\" role=\"button\" rel=\"noopener\">\n\t\t\t\t\t\t\tContact us\n\t\t\t\t\t<\/a>\n\n","protected":false},"excerpt":{"rendered":"<p>WHO ARE WE ? Sanosil Canada, a story of family  [&#8230;]<\/p>\n","protected":false},"author":6,"featured_media":0,"parent":0,"menu_order":0,"comment_status":"closed","ping_status":"closed","template":"100-width.php","meta":{"footnotes":""},"class_list":["post-295","page","type-page","status-publish","hentry"],"_links":{"self":[{"href":"https:\/\/sanosil-canada.ca\/en\/wp-json\/wp\/v2\/pages\/295","targetHints":{"allow":["GET"]}}],"collection":[{"href":"https:\/\/sanosil-canada.ca\/en\/wp-json\/wp\/v2\/pages"}],"about":[{"href":"https:\/\/sanosil-canada.ca\/en\/wp-json\/wp\/v2\/types\/page"}],"author":[{"embeddable":true,"href":"https:\/\/sanosil-canada.ca\/en\/wp-json\/wp\/v2\/users\/6"}],"replies":[{"embeddable":true,"href":"https:\/\/sanosil-canada.ca\/en\/wp-json\/wp\/v2\/comments?post=295"}],"version-history":[{"count":0,"href":"https:\/\/sanosil-canada.ca\/en\/wp-json\/wp\/v2\/pages\/295\/revisions"}],"wp:attachment":[{"href":"https:\/\/sanosil-canada.ca\/en\/wp-json\/wp\/v2\/media?parent=295"}],"curies":[{"name":"wp","href":"https:\/\/api.w.org\/{rel}","templated":true}]}}